{"id":2,"date":"2024-11-04T23:17:39","date_gmt":"2024-11-04T23:17:39","guid":{"rendered":"https:\/\/wifisempagar.com.br\/?page_id=2"},"modified":"2024-11-26T03:09:20","modified_gmt":"2024-11-26T03:09:20","slug":"quem-somos","status":"publish","type":"page","link":"https:\/\/wifisempagar.com.br\/index.php\/quem-somos\/","title":{"rendered":"Quem Somos"},"content":{"rendered":"\n<h2 class=\"wp-block-heading\" id=\"quem-somos\" style=\"margin-top:0px;margin-right:0px;margin-bottom:0px;margin-left:0px;padding-top:25px;padding-right:20px;padding-bottom:25px;padding-left:20px\">Quem Somos<\/h2>\n\n\n\n<p style=\"margin-top:0;margin-right:0px;margin-bottom:0;margin-left:0px;padding-top:8px;padding-right:20px;padding-bottom:8px;padding-left:20px\">O &#8220;Wifi Sem Pagar&#8221; \u00e9 um servi\u00e7o inovador desenvolvido pela SWAPI, uma empresa especializada em Tecnologias de Informa\u00e7\u00e3o e Comunica\u00e7\u00e3o (TIC), com experi\u00eancia s\u00f3lida no mercado desde 2005. A SWAPI surgiu com o objetivo de fornecer solu\u00e7\u00f5es web inteligentes e personalizadas, sempre focados na inova\u00e7\u00e3o e na adapta\u00e7\u00e3o \u00e0s necessidades de cada cliente. Empresas e estabelecimentos que definem sua marca em nossa expertise encontram uma parceira comprometida com os mais altos padr\u00f5es de seguran\u00e7a e qualidade.<\/p>\n\n\n\n<p style=\"margin-top:0;margin-right:0px;margin-bottom:0;margin-left:0px;padding-top:8px;padding-right:20px;padding-bottom:8px;padding-left:20px\">O servi\u00e7o &#8220;Wifi Sem Pagar&#8221; foi pensado como uma contribui\u00e7\u00e3o para a democratiza\u00e7\u00e3o do acesso \u00e0 internet, garantindo um acesso livre, seguro e de alta qualidade para todos os usu\u00e1rios. A plataforma oferece aos propriet\u00e1rios de estabelecimentos a possibilidade de disponibilizar internet gratuita para seus clientes, de forma pr\u00e1tica e segura, atendendo a todas as exig\u00eancias do Marco Civil da Internet e da Lei Geral de Prote\u00e7\u00e3o de Dados (LGPD).<\/p>\n\n\n\n<p style=\"margin-top:0;margin-right:0px;margin-bottom:0;margin-left:0px;padding-top:8px;padding-right:20px;padding-bottom:8px;padding-left:20px\">Al\u00e9m de um ponto de acesso de confian\u00e7a, o \u201cWifi Sem Pagar\u201d integra funcionalidades para o crescimento de neg\u00f3cios locais. O servi\u00e7o permite a veicula\u00e7\u00e3o de an\u00fancios direcionados, captura de leads, gera\u00e7\u00e3o de relat\u00f3rios de uso e campanhas de remarketing, proporcionando aos estabelecimentos uma poderosa ferramenta de intera\u00e7\u00e3o com seu p\u00fablico.<\/p>\n\n\n\n<blockquote class=\"wp-block-quote has-large-font-size is-layout-flow wp-block-quote-is-layout-flow\">\n<p>&#8220;O conhecimento \u00e9 poder. A informa\u00e7\u00e3o \u00e9 libertadora. A educa\u00e7\u00e3o \u00e9 a base do progresso, em cada sociedade, em cada fam\u00edlia.&#8221; <\/p>\n\n\n\n<p><strong>Kofi Annan<\/strong><\/p>\n<\/blockquote>\n","protected":false},"excerpt":{"rendered":"<p>Quem Somos O &#8220;Wifi Sem Pagar&#8221; \u00e9 um servi\u00e7o inovador desenvolvido pela SWAPI, uma empresa especializada em Tecnologias de Informa\u00e7\u00e3o e Comunica\u00e7\u00e3o (TIC), com experi\u00eancia s\u00f3lida no mercado desde 2005. A SWAPI surgiu com o objetivo de fornecer solu\u00e7\u00f5es web inteligentes e personalizadas, sempre focados na inova\u00e7\u00e3o e na adapta\u00e7\u00e3o \u00e0s necessidades de cada cliente. [&hellip;]<\/p>\n","protected":false},"author":1,"featured_media":0,"parent":0,"menu_order":0,"comment_status":"closed","ping_status":"closed","template":"page-no-title","meta":{"footnotes":""},"class_list":["post-2","page","type-page","status-publish","hentry"],"_links":{"self":[{"href":"https:\/\/wifisempagar.com.br\/index.php\/wp-json\/wp\/v2\/pages\/2","targetHints":{"allow":["GET"]}}],"collection":[{"href":"https:\/\/wifisempagar.com.br\/index.php\/wp-json\/wp\/v2\/pages"}],"about":[{"href":"https:\/\/wifisempagar.com.br\/index.php\/wp-json\/wp\/v2\/types\/page"}],"author":[{"embeddable":true,"href":"https:\/\/wifisempagar.com.br\/index.php\/wp-json\/wp\/v2\/users\/1"}],"replies":[{"embeddable":true,"href":"https:\/\/wifisempagar.com.br\/index.php\/wp-json\/wp\/v2\/comments?post=2"}],"version-history":[{"count":22,"href":"https:\/\/wifisempagar.com.br\/index.php\/wp-json\/wp\/v2\/pages\/2\/revisions"}],"predecessor-version":[{"id":482,"href":"https:\/\/wifisempagar.com.br\/index.php\/wp-json\/wp\/v2\/pages\/2\/revisions\/482"}],"wp:attachment":[{"href":"https:\/\/wifisempagar.com.br\/index.php\/wp-json\/wp\/v2\/media?parent=2"}],"curies":[{"name":"wp","href":"https:\/\/api.w.org\/{rel}","templated":true}]}}