{"id":483,"date":"2024-11-26T03:29:29","date_gmt":"2024-11-26T03:29:29","guid":{"rendered":"https:\/\/wifisempagar.com.br\/?page_id=483"},"modified":"2024-11-26T04:23:02","modified_gmt":"2024-11-26T04:23:02","slug":"anunciante","status":"publish","type":"page","link":"https:\/\/wifisempagar.com.br\/index.php\/anunciante\/","title":{"rendered":"Anunciante"},"content":{"rendered":"\n<h2 class=\"wp-block-heading\" id=\"que-tal\" style=\"margin-top:0px;margin-right:0px;margin-bottom:0px;margin-left:0px;padding-top:var(--wp--preset--spacing--10);padding-right:20px;padding-bottom:var(--wp--preset--spacing--10);padding-left:20px\">Que tal anunciar em nossos pontos de Wi-Fi?<\/h2>\n\n\n\n<p style=\"margin-right:0px;margin-left:0px;padding-right:25px;padding-left:25px\">Al\u00e9m de poder contratar nossa solu\u00e7\u00e3o, voc\u00ea pode tamb\u00e9m anunciar em v\u00e1rios pontos instalados em nosso estado, escolhendo o tipo de segmento que pretende anunciar: bares, restaurantes, academias, lot\u00e9ricas, etc. E n\u00f3s conectamos sua empresa \u00e0 novos clientes.<\/p>\n\n\n\n<div class=\"wp-block-columns is-layout-flex wp-container-core-columns-is-layout-3f02b294 wp-block-columns-is-layout-flex\" style=\"margin-top:23px;margin-bottom:23px;padding-top:0;padding-right:25px;padding-bottom:0;padding-left:25px\">\n<div class=\"wp-block-column is-layout-flow wp-block-column-is-layout-flow\">\n<h4 class=\"wp-block-heading\" style=\"margin-top:var(--wp--preset--spacing--10);margin-bottom:var(--wp--preset--spacing--10)\"><strong>Baixo investimento<\/strong><\/h4>\n\n\n\n<p>Com um investimento m\u00ednimo de custo de campanha nas redes sociais, e um valor para uma quantidade m\u00ednima de pontos em nossa rede, voc\u00ea inicia uma campanha segura e eficientes para o seu neg\u00f3cio.<\/p>\n\n\n\n<h5 class=\"wp-block-heading\" style=\"padding-top:var(--wp--preset--spacing--10);padding-bottom:var(--wp--preset--spacing--10)\"><strong>Facilidade<\/strong><\/h5>\n\n\n\n<p>Voc\u00ea pode acompanhar a performance de suas campanhas diretamente pelo aplicativo, e ter acesso ao tipo de cliente que o seu conte\u00fado est\u00e1 alcan\u00e7ando.<\/p>\n<\/div>\n\n\n\n<div class=\"wp-block-column is-layout-flow wp-block-column-is-layout-flow\">\n<figure class=\"wp-block-image size-full has-custom-border is-style-default\" style=\"margin-top:35px;margin-bottom:35px\"><img loading=\"lazy\" decoding=\"async\" width=\"436\" height=\"504\" src=\"https:\/\/wifisempagar.com.br\/wp-content\/uploads\/2024\/11\/telashotspotanuncio.png\" alt=\"\" class=\"wp-image-490\" style=\"border-radius:35px\" srcset=\"https:\/\/wifisempagar.com.br\/wp-content\/uploads\/2024\/11\/telashotspotanuncio.png 436w, https:\/\/wifisempagar.com.br\/wp-content\/uploads\/2024\/11\/telashotspotanuncio-260x300.png 260w\" sizes=\"auto, (max-width: 436px) 100vw, 436px\" \/><\/figure>\n<\/div>\n\n\n\n<div class=\"wp-block-column is-layout-flow wp-block-column-is-layout-flow\">\n<h5 class=\"wp-block-heading\" style=\"margin-top:var(--wp--preset--spacing--10);margin-bottom:var(--wp--preset--spacing--10)\"><strong>Visibilidade Otimizada e Inovadora<\/strong><\/h5>\n\n\n\n<p>Al\u00e9m de ter em m\u00e3os os resultados da sua divulga\u00e7\u00e3o, voc\u00ea pode aproveitar os leads para suas campanhas de remarketing, al\u00e9m da possibilidade de lan\u00e7ar enquetes, campanhas de fideliza\u00e7\u00e3o e muitas outras.<\/p>\n\n\n\n<h5 class=\"wp-block-heading\" style=\"margin-top:var(--wp--preset--spacing--10);margin-bottom:var(--wp--preset--spacing--10)\"><strong>Acompanhamento em tempo real<\/strong><\/h5>\n\n\n\n<p>A plataforma disponibiliza a visualiza\u00e7\u00e3o em tempo real da performance das suas campanhas, possibilitando o aprimoramento e direcionamentos mais eficazes.<\/p>\n<\/div>\n<\/div>\n\n\n\n<p><\/p>\n","protected":false},"excerpt":{"rendered":"<p>Que tal anunciar em nossos pontos de Wi-Fi? Al\u00e9m de poder contratar nossa solu\u00e7\u00e3o, voc\u00ea pode tamb\u00e9m anunciar em v\u00e1rios pontos instalados em nosso estado, escolhendo o tipo de segmento que pretende anunciar: bares, restaurantes, academias, lot\u00e9ricas, etc. E n\u00f3s conectamos sua empresa \u00e0 novos clientes. Baixo investimento Com um investimento m\u00ednimo de custo de [&hellip;]<\/p>\n","protected":false},"author":1,"featured_media":0,"parent":0,"menu_order":0,"comment_status":"closed","ping_status":"closed","template":"page-no-title","meta":{"footnotes":""},"class_list":["post-483","page","type-page","status-publish","hentry"],"_links":{"self":[{"href":"https:\/\/wifisempagar.com.br\/index.php\/wp-json\/wp\/v2\/pages\/483","targetHints":{"allow":["GET"]}}],"collection":[{"href":"https:\/\/wifisempagar.com.br\/index.php\/wp-json\/wp\/v2\/pages"}],"about":[{"href":"https:\/\/wifisempagar.com.br\/index.php\/wp-json\/wp\/v2\/types\/page"}],"author":[{"embeddable":true,"href":"https:\/\/wifisempagar.com.br\/index.php\/wp-json\/wp\/v2\/users\/1"}],"replies":[{"embeddable":true,"href":"https:\/\/wifisempagar.com.br\/index.php\/wp-json\/wp\/v2\/comments?post=483"}],"version-history":[{"count":5,"href":"https:\/\/wifisempagar.com.br\/index.php\/wp-json\/wp\/v2\/pages\/483\/revisions"}],"predecessor-version":[{"id":501,"href":"https:\/\/wifisempagar.com.br\/index.php\/wp-json\/wp\/v2\/pages\/483\/revisions\/501"}],"wp:attachment":[{"href":"https:\/\/wifisempagar.com.br\/index.php\/wp-json\/wp\/v2\/media?parent=483"}],"curies":[{"name":"wp","href":"https:\/\/api.w.org\/{rel}","templated":true}]}}