{"id":493,"date":"2024-11-26T04:13:22","date_gmt":"2024-11-26T04:13:22","guid":{"rendered":"https:\/\/wifisempagar.com.br\/?page_id=493"},"modified":"2024-11-26T04:17:54","modified_gmt":"2024-11-26T04:17:54","slug":"usuario","status":"publish","type":"page","link":"https:\/\/wifisempagar.com.br\/index.php\/usuario\/","title":{"rendered":"Usu\u00e1rio"},"content":{"rendered":"\n<h2 class=\"wp-block-heading\" id=\"sem-pagar\" style=\"margin-top:0px;margin-right:0px;margin-bottom:0px;margin-left:0px;padding-top:var(--wp--preset--spacing--10);padding-right:20px;padding-bottom:var(--wp--preset--spacing--10);padding-left:20px\">Wifi Sem Pagar, a sua conex\u00e3o gratuita.<\/h2>\n\n\n\n<p style=\"margin-right:0px;margin-left:0px;padding-right:25px;padding-left:25px\">Visite um dos nossos estabelecimentos parceiros e se conecte a um novo mundo da navega\u00e7\u00e3o gratuita.  Al\u00e9m da conex\u00e3o gr\u00e1tis, voc\u00ea ainda poder\u00e1 concorrer a brindes e descontos especiais junto aos nossos parceiros e anunciantes.  N\u00e3o perca esta oportunidade de se conectar conosco.<\/p>\n\n\n\n<div class=\"wp-block-columns is-layout-flex wp-container-core-columns-is-layout-3f02b294 wp-block-columns-is-layout-flex\" style=\"margin-top:23px;margin-bottom:23px;padding-top:0;padding-right:25px;padding-bottom:0;padding-left:25px\">\n<div class=\"wp-block-column is-layout-flow wp-block-column-is-layout-flow\">\n<h4 class=\"wp-block-heading\" style=\"margin-top:var(--wp--preset--spacing--10);margin-bottom:var(--wp--preset--spacing--10)\"><strong><strong>Gratuito e acess\u00edvel<\/strong><\/strong><\/h4>\n\n\n\n<p>Navegue sem custos e aproveite a liberdade de acesso \u00e0 internet nos parceiros locais do <em>WiFi Sem Pagar.<\/em><\/p>\n\n\n\n<h5 class=\"wp-block-heading\" style=\"padding-top:var(--wp--preset--spacing--10);padding-bottom:var(--wp--preset--spacing--10)\"><strong><strong>Conex\u00e3o r\u00e1pida e est\u00e1vel<\/strong><\/strong><\/h5>\n\n\n\n<p>Nossas redes s\u00e3o configuradas para garantir um desempenho de qualidade, permitindo que voc\u00ea assista v\u00eddeos, acesse redes sociais, e-mails e muito mais sem interrup\u00e7\u00f5es.<\/p>\n\n\n\n<h5 class=\"wp-block-heading\" style=\"padding-top:var(--wp--preset--spacing--10);padding-bottom:var(--wp--preset--spacing--10)\"><strong>Seguran\u00e7a garantida<\/strong><\/h5>\n\n\n\n<p>Cumprimos todas as normas do Marco Civil da Internet, protegendo seus dados durante a navega\u00e7\u00e3o. Voc\u00ea pode se conectar com tranquilidade.<\/p>\n<\/div>\n\n\n\n<div class=\"wp-block-column is-layout-flow wp-block-column-is-layout-flow\">\n<figure class=\"wp-block-image size-full has-custom-border is-style-default\" style=\"margin-top:35px;margin-bottom:35px\"><img loading=\"lazy\" decoding=\"async\" width=\"586\" height=\"488\" src=\"https:\/\/wifisempagar.com.br\/wp-content\/uploads\/2024\/11\/2.jpg\" alt=\"\" class=\"wp-image-495\" style=\"border-radius:35px\" srcset=\"https:\/\/wifisempagar.com.br\/wp-content\/uploads\/2024\/11\/2.jpg 586w, https:\/\/wifisempagar.com.br\/wp-content\/uploads\/2024\/11\/2-300x250.jpg 300w\" sizes=\"auto, (max-width: 586px) 100vw, 586px\" \/><\/figure>\n<\/div>\n\n\n\n<div class=\"wp-block-column is-layout-flow wp-block-column-is-layout-flow\">\n<h5 class=\"wp-block-heading\" style=\"margin-top:var(--wp--preset--spacing--10);margin-bottom:var(--wp--preset--spacing--10)\"><strong><strong>Sem complica\u00e7\u00f5es<\/strong><\/strong><\/h5>\n\n\n\n<p>um cadastro simples para come\u00e7ar a navegar. Um processo r\u00e1pido e intuitivo para que voc\u00ea aproveite a internet no mesmo instante.<\/p>\n\n\n\n<h5 class=\"wp-block-heading\" style=\"margin-top:var(--wp--preset--spacing--10);margin-bottom:var(--wp--preset--spacing--10)\"><strong><strong>Promo\u00e7\u00f5es e vantagens exclusivas<\/strong><\/strong><\/h5>\n\n\n\n<p>Ao se conectar, voc\u00ea pode descobrir ofertas especiais e an\u00fancios de interesse, tornando sua experi\u00eancia ainda mais vantajosa.<\/p>\n\n\n\n<h5 class=\"wp-block-heading\" style=\"margin-top:var(--wp--preset--spacing--10);margin-bottom:var(--wp--preset--spacing--10)\"><strong><strong>P<strong>acilidade onde voc\u00ea estiver<\/strong><\/strong><\/strong><\/h5>\n\n\n\n<p>Nosso servi\u00e7o est\u00e1 dispon\u00edvel em diversos estabelecimentos parceiros. Procure pelo selo <strong>WiFi Sem Pagar<\/strong> e fique conectado!<\/p>\n<\/div>\n<\/div>\n\n\n\n<h5 class=\"wp-block-heading\" style=\"padding-top:15px;padding-right:20px;padding-bottom:15px;padding-left:20px\"><strong>Como funciona?<\/strong><\/h5>\n\n\n\n<p style=\"padding-top:0px;padding-right:20px;padding-bottom:0px;padding-left:20px\">Ao chegar em um estabelecimento parceiro:<\/p>\n\n\n\n<div class=\"wp-block-group has-global-padding is-layout-constrained wp-container-core-group-is-layout-7c3f3d2e wp-block-group-is-layout-constrained\" style=\"padding-right:30px;padding-left:30px\">\n<ul style=\"padding-top:10px;padding-right:20px;padding-bottom:10px;padding-left:20px\" class=\"wp-block-list\">\n<li style=\"padding-right:20px;padding-left:20px\">Localize uma rede <strong>WiFi Sem Pagar<\/strong> .<\/li>\n\n\n\n<li style=\"padding-right:20px;padding-left:20px\">Cadastre-se rapidamente ou fa\u00e7a login.<\/li>\n\n\n\n<li style=\"padding-right:20px;padding-left:20px\">Comece a navegar e aproveite todos os benef\u00edcios!<\/li>\n<\/ul>\n<\/div>\n\n\n\n<p style=\"padding-right:20px;padding-left:20px\">Conecte-se ao mundo com facilidade e seguran\u00e7a. Escolha o <strong>WiFi Sem Pagar<\/strong> , porque estar online faz parte do seu dia a dia!<\/p>\n\n\n\n<p><\/p>\n","protected":false},"excerpt":{"rendered":"<p>Wifi Sem Pagar, a sua conex\u00e3o gratuita. Visite um dos nossos estabelecimentos parceiros e se conecte a um novo mundo da navega\u00e7\u00e3o gratuita. Al\u00e9m da conex\u00e3o gr\u00e1tis, voc\u00ea ainda poder\u00e1 concorrer a brindes e descontos especiais junto aos nossos parceiros e anunciantes. N\u00e3o perca esta oportunidade de se conectar conosco. Gratuito e acess\u00edvel Navegue sem [&hellip;]<\/p>\n","protected":false},"author":1,"featured_media":0,"parent":0,"menu_order":0,"comment_status":"closed","ping_status":"closed","template":"page-no-title","meta":{"footnotes":""},"class_list":["post-493","page","type-page","status-publish","hentry"],"_links":{"self":[{"href":"https:\/\/wifisempagar.com.br\/index.php\/wp-json\/wp\/v2\/pages\/493","targetHints":{"allow":["GET"]}}],"collection":[{"href":"https:\/\/wifisempagar.com.br\/index.php\/wp-json\/wp\/v2\/pages"}],"about":[{"href":"https:\/\/wifisempagar.com.br\/index.php\/wp-json\/wp\/v2\/types\/page"}],"author":[{"embeddable":true,"href":"https:\/\/wifisempagar.com.br\/index.php\/wp-json\/wp\/v2\/users\/1"}],"replies":[{"embeddable":true,"href":"https:\/\/wifisempagar.com.br\/index.php\/wp-json\/wp\/v2\/comments?post=493"}],"version-history":[{"count":3,"href":"https:\/\/wifisempagar.com.br\/index.php\/wp-json\/wp\/v2\/pages\/493\/revisions"}],"predecessor-version":[{"id":499,"href":"https:\/\/wifisempagar.com.br\/index.php\/wp-json\/wp\/v2\/pages\/493\/revisions\/499"}],"wp:attachment":[{"href":"https:\/\/wifisempagar.com.br\/index.php\/wp-json\/wp\/v2\/media?parent=493"}],"curies":[{"name":"wp","href":"https:\/\/api.w.org\/{rel}","templated":true}]}}